{"id":129,"date":"2017-09-16T19:38:41","date_gmt":"2017-09-16T19:38:41","guid":{"rendered":"http:\/\/web.siebenzwerge-ev.de\/?page_id=129"},"modified":"2026-01-04T19:17:37","modified_gmt":"2026-01-04T19:17:37","slug":"aktivitaeten-feste","status":"publish","type":"page","link":"https:\/\/siebenzwerge-ev.de\/?page_id=129","title":{"rendered":"Aktivit\u00e4ten &#038; Feste"},"content":{"rendered":"<p><b>Wir haben einige Feste und feste Termine im Jahr, auf die Wir ganz besonders&nbsp;Stolz sind. <\/b><\/p>\n<p>Hier sind einige Beispiele:<\/p>\n<ul>\n<li><strong>Waldwoche<br \/>\n<\/strong>Einmal im Kitajahr geht es eine Woche lang nach Riddagshausen in den Wald. Jeden Tag. Hier steht ein kleines H\u00e4uschen und vor allem gibt es ganz viel im Wald zu entdecken.<\/li>\n<li><strong>Kita\u00fcbernachtung<\/strong><br \/>\nEinmal im Jahr gibt es eine Kita\u00fcbernachtung mit tollem Abendprogramm. Das klappt meistens besser, als die Eltern sich das denken.<\/li>\n<li><b>Karneval<\/b><br \/>\nAm Rosenmontag feiern die Kinder mit dem gesamten Team Karneval. Nat\u00fcrlich macht es mit Verkleidung viel mehr Spa\u00df.&nbsp;<\/li>\n<li><strong>Sommerfest<br \/>\n<\/strong>Das Sommerfest bildet einen gemeinsamen Abschluss des Kindergartenjahres f\u00fcr Kinder, Team und Familien. Die Kinder bereiten f\u00fcr dieses Fest gemeinsam mit dem Team eine besondere Aktion vor. Anschlie\u00dfend gibt es ein gemeinsames Essen und ein nettes Beisammensein in der Kita.<\/li>\n<li><strong>Laternenfest<br \/>\n<\/strong>Das Laternenfest feiern die Kinder und das Team ebenfalls gemeinsam mit den Eltern. Beim gemeinsamen Laternenumzug werden die selbstgebastelten Laternen der Kinder vorgef\u00fchrt. Gemeinsam wird gesungen. Anschlie\u00dfend gibt es ein Abendessen in der Kindergruppe, h\u00e4ufig auch Stockbrot am Feuerkorb.<\/li>\n<li><strong>Adventssingen<br \/>\n<\/strong>Das gemeinsame Musizieren und Singen an einem Nachmittag im Advent ist der gemeinsame Jahresausklang von Kindern, Team und Eltern. Bei Punsch und Keksen lassen wir den gem\u00fctlichen Nachmittag in der Kita ausklingen.<\/li>\n<li>u.v.m.<\/li>\n<\/ul>\n","protected":false},"excerpt":{"rendered":"<p>Wir haben einige Feste und feste Termine im Jahr, auf die Wir ganz besonders&nbsp;Stolz sind. Hier sind einige Beispiele: Waldwoche Einmal im Kitajahr geht es eine Woche lang nach Riddagshausen in den Wald. Jeden Tag. Hier steht ein kleines H\u00e4uschen &hellip; <\/p>\n","protected":false},"author":1,"featured_media":506,"parent":38,"menu_order":0,"comment_status":"closed","ping_status":"closed","template":"","meta":{"advanced_seo_description":"","jetpack_seo_html_title":"","jetpack_seo_noindex":false,"ngg_post_thumbnail":0,"jetpack_post_was_ever_published":false,"footnotes":""},"class_list":["post-129","page","type-page","status-publish","has-post-thumbnail","hentry"],"jetpack_sharing_enabled":true,"jetpack_shortlink":"https:\/\/wp.me\/P9634g-25","jetpack-related-posts":[],"post_mailing_queue_ids":[],"_links":{"self":[{"href":"https:\/\/siebenzwerge-ev.de\/index.php?rest_route=\/wp\/v2\/pages\/129","targetHints":{"allow":["GET"]}}],"collection":[{"href":"https:\/\/siebenzwerge-ev.de\/index.php?rest_route=\/wp\/v2\/pages"}],"about":[{"href":"https:\/\/siebenzwerge-ev.de\/index.php?rest_route=\/wp\/v2\/types\/page"}],"author":[{"embeddable":true,"href":"https:\/\/siebenzwerge-ev.de\/index.php?rest_route=\/wp\/v2\/users\/1"}],"replies":[{"embeddable":true,"href":"https:\/\/siebenzwerge-ev.de\/index.php?rest_route=%2Fwp%2Fv2%2Fcomments&post=129"}],"version-history":[{"count":11,"href":"https:\/\/siebenzwerge-ev.de\/index.php?rest_route=\/wp\/v2\/pages\/129\/revisions"}],"predecessor-version":[{"id":1201,"href":"https:\/\/siebenzwerge-ev.de\/index.php?rest_route=\/wp\/v2\/pages\/129\/revisions\/1201"}],"up":[{"embeddable":true,"href":"https:\/\/siebenzwerge-ev.de\/index.php?rest_route=\/wp\/v2\/pages\/38"}],"wp:featuredmedia":[{"embeddable":true,"href":"https:\/\/siebenzwerge-ev.de\/index.php?rest_route=\/wp\/v2\/media\/506"}],"wp:attachment":[{"href":"https:\/\/siebenzwerge-ev.de\/index.php?rest_route=%2Fwp%2Fv2%2Fmedia&parent=129"}],"curies":[{"name":"wp","href":"https:\/\/api.w.org\/{rel}","templated":true}]}}