{"id":304,"date":"2017-09-17T21:47:34","date_gmt":"2017-09-17T21:47:34","guid":{"rendered":"http:\/\/web.siebenzwerge-ev.de\/?page_id=304"},"modified":"2026-04-12T21:36:07","modified_gmt":"2026-04-12T21:36:07","slug":"herzlich-willkommen-bei-den-7-zwergen","status":"publish","type":"page","link":"https:\/\/siebenzwerge-ev.de\/","title":{"rendered":"Wir Zwerge&#8230;"},"content":{"rendered":"<div class=\"wp-block-image\">\n<figure class=\"aligncenter size-full is-resized\"><img data-recalc-dims=\"1\" loading=\"lazy\" decoding=\"async\" width=\"832\" height=\"428\" data-attachment-id=\"1063\" data-permalink=\"https:\/\/siebenzwerge-ev.de\/?attachment_id=1063\" data-orig-file=\"https:\/\/i0.wp.com\/siebenzwerge-ev.de\/wp-content\/uploads\/2024\/06\/7_Zwergelogo_High_Quality-scaled.jpg?fit=2560%2C1316&amp;ssl=1\" data-orig-size=\"2560,1316\" data-comments-opened=\"0\" data-image-meta=\"{&quot;aperture&quot;:&quot;1.6&quot;,&quot;credit&quot;:&quot;&quot;,&quot;camera&quot;:&quot;iPhone 12 mini&quot;,&quot;caption&quot;:&quot;&quot;,&quot;created_timestamp&quot;:&quot;1676018105&quot;,&quot;copyright&quot;:&quot;&quot;,&quot;focal_length&quot;:&quot;4.2&quot;,&quot;iso&quot;:&quot;125&quot;,&quot;shutter_speed&quot;:&quot;0.009009009009009&quot;,&quot;title&quot;:&quot;&quot;,&quot;orientation&quot;:&quot;1&quot;}\" data-image-title=\"7_Zwergelogo_High_Quality\" data-image-description=\"\" data-image-caption=\"\" data-large-file=\"https:\/\/i0.wp.com\/siebenzwerge-ev.de\/wp-content\/uploads\/2024\/06\/7_Zwergelogo_High_Quality-scaled.jpg?fit=832%2C428&amp;ssl=1\" src=\"https:\/\/i0.wp.com\/www.siebenzwerge-ev.de\/wp-content\/uploads\/2024\/06\/7_Zwergelogo_High_Quality-scaled.jpg?resize=832%2C428&#038;ssl=1\" alt=\"\" class=\"wp-image-1063\" style=\"aspect-ratio:1.9482758620689655;object-fit:cover;width:640px\" srcset=\"https:\/\/i0.wp.com\/siebenzwerge-ev.de\/wp-content\/uploads\/2024\/06\/7_Zwergelogo_High_Quality-scaled.jpg?w=2560&amp;ssl=1 2560w, https:\/\/i0.wp.com\/siebenzwerge-ev.de\/wp-content\/uploads\/2024\/06\/7_Zwergelogo_High_Quality-scaled.jpg?resize=300%2C154&amp;ssl=1 300w, https:\/\/i0.wp.com\/siebenzwerge-ev.de\/wp-content\/uploads\/2024\/06\/7_Zwergelogo_High_Quality-scaled.jpg?resize=1024%2C527&amp;ssl=1 1024w, https:\/\/i0.wp.com\/siebenzwerge-ev.de\/wp-content\/uploads\/2024\/06\/7_Zwergelogo_High_Quality-scaled.jpg?resize=768%2C395&amp;ssl=1 768w, https:\/\/i0.wp.com\/siebenzwerge-ev.de\/wp-content\/uploads\/2024\/06\/7_Zwergelogo_High_Quality-scaled.jpg?resize=1536%2C790&amp;ssl=1 1536w, https:\/\/i0.wp.com\/siebenzwerge-ev.de\/wp-content\/uploads\/2024\/06\/7_Zwergelogo_High_Quality-scaled.jpg?resize=2048%2C1053&amp;ssl=1 2048w, https:\/\/i0.wp.com\/siebenzwerge-ev.de\/wp-content\/uploads\/2024\/06\/7_Zwergelogo_High_Quality-scaled.jpg?w=1664&amp;ssl=1 1664w, https:\/\/i0.wp.com\/siebenzwerge-ev.de\/wp-content\/uploads\/2024\/06\/7_Zwergelogo_High_Quality-scaled.jpg?w=2496&amp;ssl=1 2496w\" sizes=\"auto, (max-width: 832px) 100vw, 832px\" \/><\/figure>\n<\/div>\n\n\n<div style=\"height:30px\" aria-hidden=\"true\" class=\"wp-block-spacer\"><\/div>\n\n\n\n<div class=\"wp-block-group\"><div class=\"wp-block-group__inner-container is-layout-constrained wp-block-group-is-layout-constrained\">\n<h4 class=\"wp-block-heading custom-kita-heading has-white-color has-light-green-cyan-to-vivid-green-cyan-gradient-background has-text-color has-background has-link-color wp-elements-2d5398ad57d90431ab879e50eff228e4\">Wir haben noch freie Kita-Pl\u00e4tze f\u00fcr Kinder ab 3 Jahren!<br><strong><em>Jetzt noch f\u00fcr das Kitajahr 2026 anmelden!<\/em><\/strong><\/h4>\n<\/div><\/div>\n\n\n\n<div style=\"height:30px\" aria-hidden=\"true\" class=\"wp-block-spacer\"><\/div>\n\n\n\n<div class=\"wp-block-group is-vertical is-content-justification-left is-layout-flex wp-container-core-group-is-layout-c0ca7d81 wp-block-group-is-layout-flex\">\n<h4 class=\"wp-block-heading\" style=\"font-style:normal;font-weight:600\">Herzlich willkommen bei den \u201eSieben Zwergen e.V.&#8220;<br><\/h4>\n\n\n\n<p style=\"font-style:normal;font-weight:300\">Seit 1985 sind wir mehr als nur ein Kindergarten \u2013 wir sind eine lebendige Elterninitiative, in der Familien nicht nur ihre Kinder in liebevolle H\u00e4nde geben, sondern selbst Teil von etwas Besonderem werden.<\/p>\n\n\n\n<p style=\"font-style:normal;font-weight:300\">In unseren hellen R\u00e4umen und auf unserem gro\u00dfen Au\u00dfengel\u00e4nde \u2013 dem absoluten Lieblingsplatz unserer Zwergenkinder \u2013 geben wir bis zu 20 Kindern im Alter von 1,5 bis 6 Jahren t\u00e4glich Raum zum Spielen, Lernen und Wachsen. Unser starkes, motiviertes Team ist wochentags von 7:30 bis 15:00 Uhr mit Herz und Energie dabei.<\/p>\n\n\n\n<div style=\"height:0px\" aria-hidden=\"true\" class=\"wp-block-spacer wp-container-content-16d1eb73\"><\/div>\n\n\n\n<p>&#x1f344; <strong><em><mark style=\"background-color:rgba(0, 0, 0, 0)\" class=\"has-inline-color has-vivid-red-color\">Du gestaltest mit.<\/mark><\/em><\/strong> Als Elterninitiative lebt unser Miteinander von deinem Engagement \u2013 ob bei Festen, Projekten oder im ganz normalen Kita-Alltag. Hier bist du nicht nur Mama oder Papa, sondern echtes Mitglied unserer Gemeinschaft.<\/p>\n\n\n\n<div style=\"height:0px\" aria-hidden=\"true\" class=\"wp-block-spacer wp-container-content-16d1eb73\"><\/div>\n\n\n\n<p>&#x2764;&#xfe0f; <strong><em><mark style=\"background-color:rgba(0, 0, 0, 0)\" class=\"has-inline-color has-vivid-red-color\">Ein Team mit Herz und Erfahrung.<\/mark><\/em><\/strong> Drei erfahrene Erzieherinnen und eine Vertretungskraft sorgen daf\u00fcr, dass sich jedes Kind gesehen, sicher und wohl f\u00fchlt.<\/p>\n\n\n\n<div style=\"height:0px\" aria-hidden=\"true\" class=\"wp-block-spacer wp-container-content-16d1eb73\"><\/div>\n\n\n\n<p>&#x1f34e; <strong><em><mark style=\"background-color:rgba(0, 0, 0, 0)\" class=\"has-inline-color has-vivid-red-color\">Frisch, regional, mit Liebe gekocht.<\/mark><\/em><\/strong> Unsere K\u00f6chin bereitet jeden Tag frisches Fr\u00fchst\u00fcck, ein warmes Mittagessen und eine Obstpause zu \u2013 gr\u00f6\u00dftenteils aus biologischen und regionalen Zutaten. F\u00fcr uns geh\u00f6rt gutes Essen einfach dazu.<\/p>\n\n\n\n<div style=\"height:0px\" aria-hidden=\"true\" class=\"wp-block-spacer wp-container-content-16d1eb73\"><\/div>\n\n\n\n<p><em><strong><mark style=\"background-color:rgba(0, 0, 0, 0)\" class=\"has-inline-color has-vivid-green-cyan-color\">Neugierig geworden?<\/mark><\/strong> St\u00f6ber gerne in unserem <strong><a href=\"http:\/\/web.siebenzwerge-ev.de\/wp-content\/uploads\/2023\/08\/7_Zwerge_ABC.pdf\">7-Zwerge-ABC<\/a><\/strong> oder komm einfach vorbei.<br>Wir freuen uns sehr darauf, dich und dein Kind kennenzulernen!<\/em><\/p>\n<\/div>\n\n\n\n<p><\/p>\n","protected":false},"excerpt":{"rendered":"<p>Wir haben noch freie Kita-Pl\u00e4tze f\u00fcr Kinder ab 3 Jahren!Jetzt noch f\u00fcr das Kitajahr 2026 anmelden! Herzlich willkommen bei den \u201eSieben Zwergen e.V.&#8220; Seit 1985 sind wir mehr als nur ein Kindergarten \u2013 wir sind eine lebendige Elterninitiative, in der &hellip; <\/p>\n","protected":false},"author":1,"featured_media":0,"parent":0,"menu_order":0,"comment_status":"closed","ping_status":"closed","template":"","meta":{"advanced_seo_description":"","jetpack_seo_html_title":"","jetpack_seo_noindex":false,"ngg_post_thumbnail":0,"jetpack_post_was_ever_published":false,"footnotes":""},"class_list":["post-304","page","type-page","status-publish","hentry"],"jetpack_sharing_enabled":true,"jetpack_shortlink":"https:\/\/wp.me\/P9634g-4U","jetpack-related-posts":[],"post_mailing_queue_ids":[],"_links":{"self":[{"href":"https:\/\/siebenzwerge-ev.de\/index.php?rest_route=\/wp\/v2\/pages\/304","targetHints":{"allow":["GET"]}}],"collection":[{"href":"https:\/\/siebenzwerge-ev.de\/index.php?rest_route=\/wp\/v2\/pages"}],"about":[{"href":"https:\/\/siebenzwerge-ev.de\/index.php?rest_route=\/wp\/v2\/types\/page"}],"author":[{"embeddable":true,"href":"https:\/\/siebenzwerge-ev.de\/index.php?rest_route=\/wp\/v2\/users\/1"}],"replies":[{"embeddable":true,"href":"https:\/\/siebenzwerge-ev.de\/index.php?rest_route=%2Fwp%2Fv2%2Fcomments&post=304"}],"version-history":[{"count":75,"href":"https:\/\/siebenzwerge-ev.de\/index.php?rest_route=\/wp\/v2\/pages\/304\/revisions"}],"predecessor-version":[{"id":1264,"href":"https:\/\/siebenzwerge-ev.de\/index.php?rest_route=\/wp\/v2\/pages\/304\/revisions\/1264"}],"wp:attachment":[{"href":"https:\/\/siebenzwerge-ev.de\/index.php?rest_route=%2Fwp%2Fv2%2Fmedia&parent=304"}],"curies":[{"name":"wp","href":"https:\/\/api.w.org\/{rel}","templated":true}]}}