{"id":38,"date":"2017-08-20T08:16:37","date_gmt":"2017-08-20T08:16:37","guid":{"rendered":"http:\/\/web.siebenzwerge-ev.de\/?page_id=38"},"modified":"2017-09-19T16:32:35","modified_gmt":"2017-09-19T16:32:35","slug":"konzept","status":"publish","type":"page","link":"https:\/\/siebenzwerge-ev.de\/?page_id=38","title":{"rendered":"Konzept"},"content":{"rendered":"<p>Bei uns k\u00f6nnen die Kinder Kind sein und gerade dadurch viel f\u00fcrs Leben lernen. Wir essen und kochen zusammen, streiten und vertragen uns, lachen und singen, wir machen Sport, malen, matschen und toben. Wir spielen zusammen Rollenspiele, bauen H\u00f6hlen, verkleiden uns, lesen Geschichten vor und wir feiern oft gemeinsam. Wir gehen gern raus, besuchen Spielpl\u00e4tze, gehen in den Wald, ins Theater, in Museen und in die Turnhalle. F\u00fcr die gro\u00dfen Kinder gibt es ein Vorschulprogramm, f\u00fcr alle Zwerge ab drei jedes Jahr eine dreit\u00e4gige Kinderfreizeit und f\u00fcr alle gemeinsam eine einw\u00f6chige Waldwoche.<\/p>\n<p>Wichtig sind uns t\u00e4gliche Rituale, die den Zwergenkindern Sicherheit geben und durch die sich die Kinder wie Zuhause f\u00fchlen.<br \/>\nNicht zuletzt geben wir unseren Kindern im Kita-Alltag viele M\u00f6glichkeiten auch mitzuentscheiden, was ihr &#8222;Kindergartenprogramm&#8220; aussieht.<\/p>\n<p>Haben wir ein langes Konzeptpapier? Na klar, aber wichtiger ist uns zuerst der direkte Kontakt und das pers\u00f6nliche Gespr\u00e4ch, am Besten im Kindergarten selbst.<\/p>\n<p>&nbsp;<\/p>\n<p>&nbsp;<\/p>\n","protected":false},"excerpt":{"rendered":"<p>Bei uns k\u00f6nnen die Kinder Kind sein und gerade dadurch viel f\u00fcrs Leben lernen. Wir essen und kochen zusammen, streiten und vertragen uns, lachen und singen, wir machen Sport, malen, matschen und toben. Wir spielen zusammen Rollenspiele, bauen H\u00f6hlen, verkleiden &hellip; <\/p>\n","protected":false},"author":1,"featured_media":512,"parent":0,"menu_order":3,"comment_status":"closed","ping_status":"closed","template":"","meta":{"advanced_seo_description":"","jetpack_seo_html_title":"","jetpack_seo_noindex":false,"ngg_post_thumbnail":0,"jetpack_post_was_ever_published":false,"footnotes":""},"class_list":["post-38","page","type-page","status-publish","has-post-thumbnail","hentry"],"jetpack_sharing_enabled":true,"jetpack_shortlink":"https:\/\/wp.me\/P9634g-C","jetpack-related-posts":[],"post_mailing_queue_ids":[],"_links":{"self":[{"href":"https:\/\/siebenzwerge-ev.de\/index.php?rest_route=\/wp\/v2\/pages\/38","targetHints":{"allow":["GET"]}}],"collection":[{"href":"https:\/\/siebenzwerge-ev.de\/index.php?rest_route=\/wp\/v2\/pages"}],"about":[{"href":"https:\/\/siebenzwerge-ev.de\/index.php?rest_route=\/wp\/v2\/types\/page"}],"author":[{"embeddable":true,"href":"https:\/\/siebenzwerge-ev.de\/index.php?rest_route=\/wp\/v2\/users\/1"}],"replies":[{"embeddable":true,"href":"https:\/\/siebenzwerge-ev.de\/index.php?rest_route=%2Fwp%2Fv2%2Fcomments&post=38"}],"version-history":[{"count":3,"href":"https:\/\/siebenzwerge-ev.de\/index.php?rest_route=\/wp\/v2\/pages\/38\/revisions"}],"predecessor-version":[{"id":356,"href":"https:\/\/siebenzwerge-ev.de\/index.php?rest_route=\/wp\/v2\/pages\/38\/revisions\/356"}],"wp:featuredmedia":[{"embeddable":true,"href":"https:\/\/siebenzwerge-ev.de\/index.php?rest_route=\/wp\/v2\/media\/512"}],"wp:attachment":[{"href":"https:\/\/siebenzwerge-ev.de\/index.php?rest_route=%2Fwp%2Fv2%2Fmedia&parent=38"}],"curies":[{"name":"wp","href":"https:\/\/api.w.org\/{rel}","templated":true}]}}