{"id":54,"date":"2017-08-20T10:22:04","date_gmt":"2017-08-20T10:22:04","guid":{"rendered":"http:\/\/web.siebenzwerge-ev.de\/?page_id=54"},"modified":"2024-03-03T19:41:53","modified_gmt":"2024-03-03T19:41:53","slug":"news","status":"publish","type":"page","link":"https:\/\/siebenzwerge-ev.de\/?page_id=54","title":{"rendered":"Aktuelles"},"content":{"rendered":"\n<p><\/p>\n\n\n\n<h4 class=\"wp-block-heading\"><strong><mark style=\"background-color:rgba(0, 0, 0, 0)\" class=\"has-inline-color has-vivid-cyan-blue-color\">Leibniz Institutes DSMZ unterst\u00fctzt 7 Zwerge<\/mark><\/strong><\/h4>\n\n\n\n<p>Das Kollegium des Leibniz Institutes DSMZ &#8211; Deutsche Sammlung von Mikroorganismen und Zellkulturen GmbH hat den Sieben Zwergen eine besondere Schatzkiste mit einer gro\u00dfz\u00fcgigen Spende \u00fcbergeben. <\/p>\n\n\n\n<figure class=\"wp-block-image size-large is-resized\"><img data-recalc-dims=\"1\" loading=\"lazy\" decoding=\"async\" width=\"832\" height=\"624\" data-attachment-id=\"980\" data-permalink=\"https:\/\/siebenzwerge-ev.de\/?attachment_id=980\" data-orig-file=\"https:\/\/i0.wp.com\/siebenzwerge-ev.de\/wp-content\/uploads\/2023\/11\/Spardose_von_DSMZ-scaled.jpg?fit=2560%2C1920&amp;ssl=1\" data-orig-size=\"2560,1920\" data-comments-opened=\"0\" data-image-meta=\"{&quot;aperture&quot;:&quot;0&quot;,&quot;credit&quot;:&quot;&quot;,&quot;camera&quot;:&quot;&quot;,&quot;caption&quot;:&quot;&quot;,&quot;created_timestamp&quot;:&quot;0&quot;,&quot;copyright&quot;:&quot;&quot;,&quot;focal_length&quot;:&quot;0&quot;,&quot;iso&quot;:&quot;0&quot;,&quot;shutter_speed&quot;:&quot;0&quot;,&quot;title&quot;:&quot;&quot;,&quot;orientation&quot;:&quot;0&quot;}\" data-image-title=\"Spardose_von_DSMZ\" data-image-description=\"\" data-image-caption=\"\" data-large-file=\"https:\/\/i0.wp.com\/siebenzwerge-ev.de\/wp-content\/uploads\/2023\/11\/Spardose_von_DSMZ-scaled.jpg?fit=832%2C624&amp;ssl=1\" src=\"https:\/\/i0.wp.com\/web.siebenzwerge-ev.de\/wp-content\/uploads\/2023\/11\/Spardose_von_DSMZ-1024x768.jpg?resize=832%2C624\" alt=\"\" class=\"wp-image-980\" style=\"width:297px;height:223px\" srcset=\"https:\/\/i0.wp.com\/siebenzwerge-ev.de\/wp-content\/uploads\/2023\/11\/Spardose_von_DSMZ-scaled.jpg?resize=1024%2C768&amp;ssl=1 1024w, https:\/\/i0.wp.com\/siebenzwerge-ev.de\/wp-content\/uploads\/2023\/11\/Spardose_von_DSMZ-scaled.jpg?resize=300%2C225&amp;ssl=1 300w, https:\/\/i0.wp.com\/siebenzwerge-ev.de\/wp-content\/uploads\/2023\/11\/Spardose_von_DSMZ-scaled.jpg?resize=768%2C576&amp;ssl=1 768w, https:\/\/i0.wp.com\/siebenzwerge-ev.de\/wp-content\/uploads\/2023\/11\/Spardose_von_DSMZ-scaled.jpg?resize=1536%2C1152&amp;ssl=1 1536w, https:\/\/i0.wp.com\/siebenzwerge-ev.de\/wp-content\/uploads\/2023\/11\/Spardose_von_DSMZ-scaled.jpg?resize=2048%2C1536&amp;ssl=1 2048w, https:\/\/i0.wp.com\/siebenzwerge-ev.de\/wp-content\/uploads\/2023\/11\/Spardose_von_DSMZ-scaled.jpg?w=1664&amp;ssl=1 1664w, https:\/\/i0.wp.com\/siebenzwerge-ev.de\/wp-content\/uploads\/2023\/11\/Spardose_von_DSMZ-scaled.jpg?w=2496&amp;ssl=1 2496w\" sizes=\"auto, (max-width: 832px) 100vw, 832px\" \/><\/figure>\n\n\n\n<p>Vielen herzlichen Dank von den 7 Zwergen<\/p>\n\n\n\n<p><\/p>\n\n\n\n<p><\/p>\n\n\n\n<p><strong><mark style=\"background-color:rgba(0, 0, 0, 0)\" class=\"has-inline-color has-vivid-cyan-blue-color\">Wir haben GEWONNEN&#8230;&#8230;&#8230;..<\/mark><\/strong><\/p>\n\n\n\n<p>Wir haben beim Ideenwettbewerb des Round Table Wolfenb\u00fcttel\/Salzgitter f\u00fcr ein nachhaltiges Projekt teilgenommen und einen Baum, der auf unserem sonnigen Au\u00dfengel\u00e4nde Schatten spenden soll, gewonnen. Die Freude war riesig dar\u00fcber, dass unsere eingereichte Idee ausgew\u00e4hlt wurde! <\/p>\n\n\n\n<p>Die Scheck\u00fcbergabe wollten sich unsere Zwergenkinder nat\u00fcrlich nicht entgehen lassen. Gepflanzt wird unser neuer Baum im Fr\u00fchjahr 2024.<\/p>\n\n\n\n<p>Wir bedanken uns ganz herzlich bei den Verantwortlichen und Mitgliedern des &#8222;Round Table 112&#8220;. <\/p>\n\n\n\n<p><a rel=\"noreferrer noopener\" href=\"https:\/\/rt112.de\/ueber-uns\/round-table\/\" target=\"_blank\">Round Table 112 Wolfenb\u00fcttel Salzgitter<\/a><\/p>\n\n\n\n<p>Round Table f\u00f6rdert Projekte aus der Region f\u00fcr Kinder und junge Familien und auch diverse nationale Projekte werden unterst\u00fctzt. <\/p>\n\n\n\n<figure class=\"wp-block-image size-large is-resized\"><img data-recalc-dims=\"1\" loading=\"lazy\" decoding=\"async\" width=\"832\" height=\"624\" data-attachment-id=\"938\" data-permalink=\"https:\/\/siebenzwerge-ev.de\/?attachment_id=938\" data-orig-file=\"https:\/\/i0.wp.com\/siebenzwerge-ev.de\/wp-content\/uploads\/2023\/11\/Bilder-Preisausschreiben-Round-Table.png?fit=4032%2C3024&amp;ssl=1\" data-orig-size=\"4032,3024\" data-comments-opened=\"0\" data-image-meta=\"{&quot;aperture&quot;:&quot;0&quot;,&quot;credit&quot;:&quot;&quot;,&quot;camera&quot;:&quot;&quot;,&quot;caption&quot;:&quot;&quot;,&quot;created_timestamp&quot;:&quot;0&quot;,&quot;copyright&quot;:&quot;&quot;,&quot;focal_length&quot;:&quot;0&quot;,&quot;iso&quot;:&quot;0&quot;,&quot;shutter_speed&quot;:&quot;0&quot;,&quot;title&quot;:&quot;&quot;,&quot;orientation&quot;:&quot;0&quot;}\" data-image-title=\"Bilder Preisausschreiben Round Table\" data-image-description=\"\" data-image-caption=\"\" data-large-file=\"https:\/\/i0.wp.com\/siebenzwerge-ev.de\/wp-content\/uploads\/2023\/11\/Bilder-Preisausschreiben-Round-Table.png?fit=832%2C624&amp;ssl=1\" src=\"https:\/\/i0.wp.com\/web.siebenzwerge-ev.de\/wp-content\/uploads\/2023\/11\/Bilder-Preisausschreiben-Round-Table-1024x768.png?resize=832%2C624\" alt=\"\" class=\"wp-image-938\" style=\"width:408px;height:306px\" srcset=\"https:\/\/i0.wp.com\/siebenzwerge-ev.de\/wp-content\/uploads\/2023\/11\/Bilder-Preisausschreiben-Round-Table.png?resize=1024%2C768&amp;ssl=1 1024w, https:\/\/i0.wp.com\/siebenzwerge-ev.de\/wp-content\/uploads\/2023\/11\/Bilder-Preisausschreiben-Round-Table.png?resize=300%2C225&amp;ssl=1 300w, https:\/\/i0.wp.com\/siebenzwerge-ev.de\/wp-content\/uploads\/2023\/11\/Bilder-Preisausschreiben-Round-Table.png?resize=768%2C576&amp;ssl=1 768w, https:\/\/i0.wp.com\/siebenzwerge-ev.de\/wp-content\/uploads\/2023\/11\/Bilder-Preisausschreiben-Round-Table.png?resize=1536%2C1152&amp;ssl=1 1536w, https:\/\/i0.wp.com\/siebenzwerge-ev.de\/wp-content\/uploads\/2023\/11\/Bilder-Preisausschreiben-Round-Table.png?resize=2048%2C1536&amp;ssl=1 2048w, https:\/\/i0.wp.com\/siebenzwerge-ev.de\/wp-content\/uploads\/2023\/11\/Bilder-Preisausschreiben-Round-Table.png?w=1664&amp;ssl=1 1664w, https:\/\/i0.wp.com\/siebenzwerge-ev.de\/wp-content\/uploads\/2023\/11\/Bilder-Preisausschreiben-Round-Table.png?w=2496&amp;ssl=1 2496w\" sizes=\"auto, (max-width: 832px) 100vw, 832px\" \/><\/figure>\n\n\n\n<p><\/p>\n\n\n\n<p><\/p>\n\n\n\n<h4 class=\"wp-block-heading\"><mark style=\"background-color:rgba(0, 0, 0, 0)\" class=\"has-inline-color has-vivid-cyan-blue-color\">Besucht uns zum Tag der offenen T\u00fcr in der Kindergruppe &#8222;Die sieben Zwerge e.V&#8220;<\/mark><\/h4>\n\n\n\n<p><strong>Wo: <\/strong>Heinz-Scheer-Str. 6, 38126 Braunschweig<\/p>\n\n\n\n<p> <strong>Wann:<\/strong> 23.09.23, ab 14 Uhr<\/p>\n\n\n\n<p><strong>weitere Infos: <\/strong><\/p>\n\n\n\n<p><a href=\"https:\/\/www.deb-bs.de\/index.php\/aktuelles\/tage-der-offenen-tueren-2023\">DEB-Aktuelles (deb-bs.de)<\/a>   <\/p>\n\n\n\n<p><a href=\"https:\/\/www.deb-bs.de\/images\/download\/web-tdot-2023.pdf\" data-type=\"URL\" data-id=\"https:\/\/www.deb-bs.de\/images\/download\/web-tdot-2023.pdf\">https:\/\/www.deb-bs.de\/images\/download\/web-tdot-2023.pdf<\/a><\/p>\n\n\n\n<div class=\"wp-block-columns is-layout-flex wp-container-core-columns-is-layout-9d6595d7 wp-block-columns-is-layout-flex\">\n<div class=\"wp-block-column is-layout-flow wp-block-column-is-layout-flow\" style=\"flex-basis:33.33%\">\n<div class=\"wp-block-jetpack-tiled-gallery aligncenter is-style-rectangular\"><div class=\"tiled-gallery__gallery\"><div class=\"tiled-gallery__row\"><div class=\"tiled-gallery__col\" style=\"flex-basis:100.00000%\"><figure class=\"tiled-gallery__item\"><img decoding=\"async\" data-attachment-id=\"506\" data-permalink=\"https:\/\/siebenzwerge-ev.de\/?attachment_id=506\" data-orig-file=\"https:\/\/i0.wp.com\/siebenzwerge-ev.de\/wp-content\/uploads\/2017\/09\/feste.jpg?fit=1200%2C468&amp;ssl=1\" data-orig-size=\"1200,468\" data-comments-opened=\"0\" data-image-meta=\"{&quot;aperture&quot;:&quot;5.6&quot;,&quot;credit&quot;:&quot;Ed Gregory&quot;,&quot;camera&quot;:&quot;NIKON D800&quot;,&quot;caption&quot;:&quot;&quot;,&quot;created_timestamp&quot;:&quot;1409391791&quot;,&quot;copyright&quot;:&quot;CC0&quot;,&quot;focal_length&quot;:&quot;200&quot;,&quot;iso&quot;:&quot;200&quot;,&quot;shutter_speed&quot;:&quot;0.0025&quot;,&quot;title&quot;:&quot;&quot;,&quot;orientation&quot;:&quot;0&quot;}\" data-image-title=\"feste\" data-image-description=\"\" data-image-caption=\"\" data-large-file=\"https:\/\/i0.wp.com\/siebenzwerge-ev.de\/wp-content\/uploads\/2017\/09\/feste.jpg?fit=832%2C324&amp;ssl=1\" data-attachment-id=\"506\" data-permalink=\"https:\/\/siebenzwerge-ev.de\/?attachment_id=506\" data-orig-file=\"https:\/\/i0.wp.com\/siebenzwerge-ev.de\/wp-content\/uploads\/2017\/09\/feste.jpg?fit=1200%2C468&amp;ssl=1\" data-orig-size=\"1200,468\" data-comments-opened=\"0\" data-image-meta=\"{&quot;aperture&quot;:&quot;5.6&quot;,&quot;credit&quot;:&quot;Ed Gregory&quot;,&quot;camera&quot;:&quot;NIKON D800&quot;,&quot;caption&quot;:&quot;&quot;,&quot;created_timestamp&quot;:&quot;1409391791&quot;,&quot;copyright&quot;:&quot;CC0&quot;,&quot;focal_length&quot;:&quot;200&quot;,&quot;iso&quot;:&quot;200&quot;,&quot;shutter_speed&quot;:&quot;0.0025&quot;,&quot;title&quot;:&quot;&quot;,&quot;orientation&quot;:&quot;0&quot;}\" data-image-title=\"feste\" data-image-description=\"\" data-image-caption=\"\" data-large-file=\"https:\/\/i0.wp.com\/siebenzwerge-ev.de\/wp-content\/uploads\/2017\/09\/feste.jpg?fit=832%2C324&amp;ssl=1\" role=\"button\" tabindex=\"0\" aria-label=\"Bild\u00a01 von 1 im Vollbildmodus \u00f6ffnen\"srcset=\"https:\/\/i2.wp.com\/web.siebenzwerge-ev.de\/wp-content\/uploads\/2017\/09\/feste-1024x399.jpg?strip=info&#038;w=600 600w,https:\/\/i2.wp.com\/web.siebenzwerge-ev.de\/wp-content\/uploads\/2017\/09\/feste-1024x399.jpg?strip=info&#038;w=900 900w,https:\/\/i2.wp.com\/web.siebenzwerge-ev.de\/wp-content\/uploads\/2017\/09\/feste-1024x399.jpg?strip=info&#038;w=1200 1200w\" alt=\"\" data-height=\"468\" data-id=\"506\" data-link=\"http:\/\/web.siebenzwerge-ev.de\/?attachment_id=506\" data-url=\"http:\/\/web.siebenzwerge-ev.de\/wp-content\/uploads\/2017\/09\/feste-1024x399.jpg\" data-width=\"1200\" src=\"https:\/\/i2.wp.com\/web.siebenzwerge-ev.de\/wp-content\/uploads\/2017\/09\/feste-1024x399.jpg\" data-amp-layout=\"responsive\"\/><\/figure><\/div><\/div><\/div><\/div>\n<\/div>\n\n\n\n<div class=\"wp-block-column is-layout-flow wp-block-column-is-layout-flow\" style=\"flex-basis:66.66%\">\n<h4 class=\"wp-block-heading\"><mark style=\"background-color:rgba(0, 0, 0, 0)\" class=\"has-inline-color has-vivid-cyan-blue-color\">Unser Sommerfest am 01. Juli war ein gro\u00dfer Erfolg<\/mark><\/h4>\n\n\n\n<p>Wir bedanken uns bei allen Helfern f\u00fcr diesen wundervollen Familientag und unserem F\u00f6rderer &#8222;Edeka G\u00f6rge Braunschweig&#8220; f\u00fcr die Leckereien zum Buffett.<\/p>\n\n\n\n<p><\/p>\n\n\n\n<p><\/p>\n\n\n\n<p><\/p>\n<\/div>\n<\/div>\n\n\n\n<div class=\"wp-block-columns is-layout-flex wp-container-core-columns-is-layout-9d6595d7 wp-block-columns-is-layout-flex\">\n<div class=\"wp-block-column is-layout-flow wp-block-column-is-layout-flow\" style=\"flex-basis:50%\">\n<h4 class=\"wp-block-heading\"><mark style=\"background-color:rgba(0, 0, 0, 0)\" class=\"has-inline-color has-vivid-cyan-blue-color\">Frische Hackschnitzel f\u00fcr den Kletterbereich<\/mark><\/h4>\n\n\n\n<p>Es kann wieder geklettert werden! Kleine und gro\u00dfe Zwerge haben frische Hackschnitzel im Kletterbereich verteilt.<\/p>\n<\/div>\n\n\n\n<div class=\"wp-block-column is-layout-flow wp-block-column-is-layout-flow\" style=\"flex-basis:50%\">\n<div class=\"wp-block-jetpack-tiled-gallery aligncenter is-style-rectangular\"><div class=\"tiled-gallery__gallery\"><div class=\"tiled-gallery__row\"><div class=\"tiled-gallery__col\" style=\"flex-basis:100.00000%\"><figure class=\"tiled-gallery__item\"><img decoding=\"async\" data-attachment-id=\"804\" data-permalink=\"https:\/\/siebenzwerge-ev.de\/?attachment_id=804\" data-orig-file=\"https:\/\/i0.wp.com\/siebenzwerge-ev.de\/wp-content\/uploads\/2023\/08\/Kletterbereich_Hackschnitzel.jpg?fit=2308%2C1356&amp;ssl=1\" data-orig-size=\"2308,1356\" data-comments-opened=\"0\" data-image-meta=\"{&quot;aperture&quot;:&quot;0&quot;,&quot;credit&quot;:&quot;&quot;,&quot;camera&quot;:&quot;&quot;,&quot;caption&quot;:&quot;&quot;,&quot;created_timestamp&quot;:&quot;0&quot;,&quot;copyright&quot;:&quot;&quot;,&quot;focal_length&quot;:&quot;0&quot;,&quot;iso&quot;:&quot;0&quot;,&quot;shutter_speed&quot;:&quot;0&quot;,&quot;title&quot;:&quot;&quot;,&quot;orientation&quot;:&quot;0&quot;}\" data-image-title=\"Kletterbereich_Hackschnitzel\" data-image-description=\"\" data-image-caption=\"\" data-large-file=\"https:\/\/i0.wp.com\/siebenzwerge-ev.de\/wp-content\/uploads\/2023\/08\/Kletterbereich_Hackschnitzel.jpg?fit=832%2C489&amp;ssl=1\" data-attachment-id=\"804\" data-permalink=\"https:\/\/siebenzwerge-ev.de\/?attachment_id=804\" data-orig-file=\"https:\/\/i0.wp.com\/siebenzwerge-ev.de\/wp-content\/uploads\/2023\/08\/Kletterbereich_Hackschnitzel.jpg?fit=2308%2C1356&amp;ssl=1\" data-orig-size=\"2308,1356\" data-comments-opened=\"0\" data-image-meta=\"{&quot;aperture&quot;:&quot;0&quot;,&quot;credit&quot;:&quot;&quot;,&quot;camera&quot;:&quot;&quot;,&quot;caption&quot;:&quot;&quot;,&quot;created_timestamp&quot;:&quot;0&quot;,&quot;copyright&quot;:&quot;&quot;,&quot;focal_length&quot;:&quot;0&quot;,&quot;iso&quot;:&quot;0&quot;,&quot;shutter_speed&quot;:&quot;0&quot;,&quot;title&quot;:&quot;&quot;,&quot;orientation&quot;:&quot;0&quot;}\" data-image-title=\"Kletterbereich_Hackschnitzel\" data-image-description=\"\" data-image-caption=\"\" data-large-file=\"https:\/\/i0.wp.com\/siebenzwerge-ev.de\/wp-content\/uploads\/2023\/08\/Kletterbereich_Hackschnitzel.jpg?fit=832%2C489&amp;ssl=1\" role=\"button\" tabindex=\"0\" aria-label=\"Bild\u00a01 von 1 im Vollbildmodus \u00f6ffnen\"srcset=\"https:\/\/i0.wp.com\/web.siebenzwerge-ev.de\/wp-content\/uploads\/2023\/08\/Kletterbereich_Hackschnitzel-1024x602.jpg?strip=info&#038;w=600 600w,https:\/\/i0.wp.com\/web.siebenzwerge-ev.de\/wp-content\/uploads\/2023\/08\/Kletterbereich_Hackschnitzel-1024x602.jpg?strip=info&#038;w=900 900w,https:\/\/i0.wp.com\/web.siebenzwerge-ev.de\/wp-content\/uploads\/2023\/08\/Kletterbereich_Hackschnitzel-1024x602.jpg?strip=info&#038;w=1200 1200w,https:\/\/i0.wp.com\/web.siebenzwerge-ev.de\/wp-content\/uploads\/2023\/08\/Kletterbereich_Hackschnitzel-1024x602.jpg?strip=info&#038;w=1500 1500w,https:\/\/i0.wp.com\/web.siebenzwerge-ev.de\/wp-content\/uploads\/2023\/08\/Kletterbereich_Hackschnitzel-1024x602.jpg?strip=info&#038;w=1800 1800w,https:\/\/i0.wp.com\/web.siebenzwerge-ev.de\/wp-content\/uploads\/2023\/08\/Kletterbereich_Hackschnitzel-1024x602.jpg?strip=info&#038;w=2000 2000w\" alt=\"\" data-height=\"1356\" data-id=\"804\" data-link=\"http:\/\/web.siebenzwerge-ev.de\/?attachment_id=804\" data-url=\"http:\/\/web.siebenzwerge-ev.de\/wp-content\/uploads\/2023\/08\/Kletterbereich_Hackschnitzel-1024x602.jpg\" data-width=\"2308\" src=\"https:\/\/i0.wp.com\/web.siebenzwerge-ev.de\/wp-content\/uploads\/2023\/08\/Kletterbereich_Hackschnitzel-1024x602.jpg\" data-amp-layout=\"responsive\"\/><\/figure><\/div><\/div><\/div><\/div>\n<\/div>\n<\/div>\n\n\n\n<p><\/p>\n\n\n\n<p><\/p>\n\n\n\n<p><\/p>\n\n\n\n<div class=\"wp-block-columns is-layout-flex wp-container-core-columns-is-layout-9d6595d7 wp-block-columns-is-layout-flex\">\n<div class=\"wp-block-column is-layout-flow wp-block-column-is-layout-flow\" style=\"flex-basis:33.33%\">\n<div class=\"wp-block-jetpack-tiled-gallery aligncenter is-style-rectangular\"><div class=\"tiled-gallery__gallery\"><div class=\"tiled-gallery__row\"><div class=\"tiled-gallery__col\" style=\"flex-basis:100.00000%\"><figure class=\"tiled-gallery__item\"><img decoding=\"async\" data-attachment-id=\"621\" data-permalink=\"https:\/\/siebenzwerge-ev.de\/?attachment_id=621\" data-orig-file=\"https:\/\/i0.wp.com\/siebenzwerge-ev.de\/wp-content\/uploads\/2022\/12\/Zwergenb%C3%A4ckerei_SchokoTannenbaum_2022_12_08.jpg?fit=511%2C614&amp;ssl=1\" data-orig-size=\"511,614\" data-comments-opened=\"0\" data-image-meta=\"{&quot;aperture&quot;:&quot;0&quot;,&quot;credit&quot;:&quot;&quot;,&quot;camera&quot;:&quot;&quot;,&quot;caption&quot;:&quot;&quot;,&quot;created_timestamp&quot;:&quot;1670498552&quot;,&quot;copyright&quot;:&quot;&quot;,&quot;focal_length&quot;:&quot;0&quot;,&quot;iso&quot;:&quot;0&quot;,&quot;shutter_speed&quot;:&quot;0&quot;,&quot;title&quot;:&quot;&quot;,&quot;orientation&quot;:&quot;0&quot;}\" data-image-title=\"Zwergenb\u00e4ckerei_SchokoTannenbaum_2022_12_08\" data-image-description=\"\" data-image-caption=\"\" data-large-file=\"https:\/\/i0.wp.com\/siebenzwerge-ev.de\/wp-content\/uploads\/2022\/12\/Zwergenb%C3%A4ckerei_SchokoTannenbaum_2022_12_08.jpg?fit=511%2C614&amp;ssl=1\" data-attachment-id=\"621\" data-permalink=\"https:\/\/siebenzwerge-ev.de\/?attachment_id=621\" data-orig-file=\"https:\/\/i0.wp.com\/siebenzwerge-ev.de\/wp-content\/uploads\/2022\/12\/Zwergenb%C3%A4ckerei_SchokoTannenbaum_2022_12_08.jpg?fit=511%2C614&amp;ssl=1\" data-orig-size=\"511,614\" data-comments-opened=\"0\" data-image-meta=\"{&quot;aperture&quot;:&quot;0&quot;,&quot;credit&quot;:&quot;&quot;,&quot;camera&quot;:&quot;&quot;,&quot;caption&quot;:&quot;&quot;,&quot;created_timestamp&quot;:&quot;1670498552&quot;,&quot;copyright&quot;:&quot;&quot;,&quot;focal_length&quot;:&quot;0&quot;,&quot;iso&quot;:&quot;0&quot;,&quot;shutter_speed&quot;:&quot;0&quot;,&quot;title&quot;:&quot;&quot;,&quot;orientation&quot;:&quot;0&quot;}\" data-image-title=\"Zwergenb\u00e4ckerei_SchokoTannenbaum_2022_12_08\" data-image-description=\"\" data-image-caption=\"\" data-large-file=\"https:\/\/i0.wp.com\/siebenzwerge-ev.de\/wp-content\/uploads\/2022\/12\/Zwergenb%C3%A4ckerei_SchokoTannenbaum_2022_12_08.jpg?fit=511%2C614&amp;ssl=1\" role=\"button\" tabindex=\"0\" aria-label=\"Bild\u00a01 von 1 im Vollbildmodus \u00f6ffnen\"srcset=\"https:\/\/i1.wp.com\/web.siebenzwerge-ev.de\/wp-content\/uploads\/2022\/12\/Zwergenb%C3%A4ckerei_SchokoTannenbaum_2022_12_08.jpg?strip=info&#038;w=511 511w\" alt=\"Lecker Zwergengeb\u00e4ck Schokotannenbaum\" data-height=\"614\" data-id=\"621\" data-link=\"http:\/\/web.siebenzwerge-ev.de\/?attachment_id=621\" data-url=\"http:\/\/web.siebenzwerge-ev.de\/wp-content\/uploads\/2022\/12\/Zwergenb\u00e4ckerei_SchokoTannenbaum_2022_12_08.jpg\" data-width=\"511\" src=\"https:\/\/i1.wp.com\/web.siebenzwerge-ev.de\/wp-content\/uploads\/2022\/12\/Zwergenb%C3%A4ckerei_SchokoTannenbaum_2022_12_08.jpg\" data-amp-layout=\"responsive\"\/><\/figure><\/div><\/div><\/div><\/div>\n<\/div>\n\n\n\n<div class=\"wp-block-column is-vertically-aligned-top is-layout-flow wp-block-column-is-layout-flow\" style=\"flex-basis:66.66%\">\n<h4 class=\"wp-block-heading\"><mark style=\"background-color:rgba(0, 0, 0, 0)\" class=\"has-inline-color has-vivid-cyan-blue-color\">Schokotannenbaum: leckeres Zwergengeb\u00e4ck <\/mark><\/h4>\n\n\n\n<p>Unser Kinder haben mit unserer K\u00f6chin lecker gebacken<\/p>\n<\/div>\n<\/div>\n\n\n\n<p><\/p>\n\n\n\n<p><\/p>\n\n\n\n<p><\/p>\n\n\n\n<div class=\"wp-block-columns is-layout-flex wp-container-core-columns-is-layout-9d6595d7 wp-block-columns-is-layout-flex\">\n<div class=\"wp-block-column is-vertically-aligned-top is-layout-flow wp-block-column-is-layout-flow\" style=\"flex-basis:66.66%\">\n<h4 class=\"wp-block-heading\"><mark style=\"background-color:rgba(0, 0, 0, 0)\" class=\"has-inline-color has-vivid-cyan-blue-color\">Wochenpl\u00e4ne<\/mark><\/h4>\n\n\n\n<p>Unser Team gibt sich viel M\u00fche und schreibt jeden Tag kurz auf, was &#8222;los war&#8220;. Das ist uns wichtig, damit wir dar\u00fcber zu Hause auch sprechen k\u00f6nnen.<\/p>\n<\/div>\n\n\n\n<div class=\"wp-block-column is-layout-flow wp-block-column-is-layout-flow\" style=\"flex-basis:33.33%\">\n<div class=\"wp-block-jetpack-tiled-gallery aligncenter is-style-rectangular\"><div class=\"tiled-gallery__gallery\"><div class=\"tiled-gallery__row\"><div class=\"tiled-gallery__col\" style=\"flex-basis:100.00000%\"><figure class=\"tiled-gallery__item\"><img decoding=\"async\" data-attachment-id=\"348\" data-permalink=\"https:\/\/siebenzwerge-ev.de\/?attachment_id=348\" data-orig-file=\"https:\/\/i0.wp.com\/siebenzwerge-ev.de\/wp-content\/uploads\/2017\/09\/20170916_155613.jpg?fit=950%2C658&amp;ssl=1\" data-orig-size=\"950,658\" data-comments-opened=\"0\" data-image-meta=\"{&quot;aperture&quot;:&quot;1.7&quot;,&quot;credit&quot;:&quot;Picasa&quot;,&quot;camera&quot;:&quot;SM-G930F&quot;,&quot;caption&quot;:&quot;Unser Team gibt sich viel M\\u00fche und schreibt jeden Tag kurz, was \\&quot;los war\\&quot;. Das ist wichtig, um dar\\u00fcber zu Hause auch sprechen zu k\\u00f6nnen!&quot;,&quot;created_timestamp&quot;:&quot;1505577373&quot;,&quot;copyright&quot;:&quot;&quot;,&quot;focal_length&quot;:&quot;4.2&quot;,&quot;iso&quot;:&quot;160&quot;,&quot;shutter_speed&quot;:&quot;0.025&quot;,&quot;title&quot;:&quot;&quot;,&quot;orientation&quot;:&quot;0&quot;}\" data-image-title=\"20170916_155613\" data-image-description=\"\" data-image-caption=\"&lt;p&gt;Unser Team gibt sich viel M\u00fche und schreibt jeden Tag kurz, was &amp;#8222;los war&amp;#8220;. Das ist wichtig, um dar\u00fcber zu Hause auch sprechen zu k\u00f6nnen!&lt;\/p&gt;\n\" data-large-file=\"https:\/\/i0.wp.com\/siebenzwerge-ev.de\/wp-content\/uploads\/2017\/09\/20170916_155613.jpg?fit=832%2C576&amp;ssl=1\" data-attachment-id=\"348\" data-permalink=\"https:\/\/siebenzwerge-ev.de\/?attachment_id=348\" data-orig-file=\"https:\/\/i0.wp.com\/siebenzwerge-ev.de\/wp-content\/uploads\/2017\/09\/20170916_155613.jpg?fit=950%2C658&amp;ssl=1\" data-orig-size=\"950,658\" data-comments-opened=\"0\" data-image-meta=\"{&quot;aperture&quot;:&quot;1.7&quot;,&quot;credit&quot;:&quot;Picasa&quot;,&quot;camera&quot;:&quot;SM-G930F&quot;,&quot;caption&quot;:&quot;Unser Team gibt sich viel M\\u00fche und schreibt jeden Tag kurz, was \\&quot;los war\\&quot;. Das ist wichtig, um dar\\u00fcber zu Hause auch sprechen zu k\\u00f6nnen!&quot;,&quot;created_timestamp&quot;:&quot;1505577373&quot;,&quot;copyright&quot;:&quot;&quot;,&quot;focal_length&quot;:&quot;4.2&quot;,&quot;iso&quot;:&quot;160&quot;,&quot;shutter_speed&quot;:&quot;0.025&quot;,&quot;title&quot;:&quot;&quot;,&quot;orientation&quot;:&quot;0&quot;}\" data-image-title=\"20170916_155613\" data-image-description=\"\" data-image-caption=\"&lt;p&gt;Unser Team gibt sich viel M\u00fche und schreibt jeden Tag kurz, was &amp;#8222;los war&amp;#8220;. Das ist wichtig, um dar\u00fcber zu Hause auch sprechen zu k\u00f6nnen!&lt;\/p&gt;\n\" data-large-file=\"https:\/\/i0.wp.com\/siebenzwerge-ev.de\/wp-content\/uploads\/2017\/09\/20170916_155613.jpg?fit=832%2C576&amp;ssl=1\" role=\"button\" tabindex=\"0\" aria-label=\"Bild\u00a01 von 1 im Vollbildmodus \u00f6ffnen\"srcset=\"https:\/\/i1.wp.com\/web.siebenzwerge-ev.de\/wp-content\/uploads\/2017\/09\/20170916_155613.jpg?strip=info&#038;w=600 600w,https:\/\/i1.wp.com\/web.siebenzwerge-ev.de\/wp-content\/uploads\/2017\/09\/20170916_155613.jpg?strip=info&#038;w=900 900w,https:\/\/i1.wp.com\/web.siebenzwerge-ev.de\/wp-content\/uploads\/2017\/09\/20170916_155613.jpg?strip=info&#038;w=950 950w\" alt=\"\" data-height=\"658\" data-id=\"348\" data-link=\"http:\/\/web.siebenzwerge-ev.de\/?attachment_id=348\" data-url=\"http:\/\/web.siebenzwerge-ev.de\/wp-content\/uploads\/2017\/09\/20170916_155613.jpg\" data-width=\"950\" src=\"https:\/\/i1.wp.com\/web.siebenzwerge-ev.de\/wp-content\/uploads\/2017\/09\/20170916_155613.jpg\" data-amp-layout=\"responsive\"\/><\/figure><\/div><\/div><\/div><\/div>\n<\/div>\n<\/div>\n","protected":false},"excerpt":{"rendered":"<p>Leibniz Institutes DSMZ unterst\u00fctzt 7 Zwerge Das Kollegium des Leibniz Institutes DSMZ &#8211; Deutsche Sammlung von Mikroorganismen und Zellkulturen GmbH hat den Sieben Zwergen eine besondere Schatzkiste mit einer gro\u00dfz\u00fcgigen Spende \u00fcbergeben. Vielen herzlichen Dank von den 7 Zwergen Wir &hellip; <\/p>\n","protected":false},"author":2,"featured_media":741,"parent":64,"menu_order":0,"comment_status":"closed","ping_status":"closed","template":"","meta":{"advanced_seo_description":"","jetpack_seo_html_title":"","jetpack_seo_noindex":false,"ngg_post_thumbnail":0,"jetpack_post_was_ever_published":false,"footnotes":""},"class_list":["post-54","page","type-page","status-publish","has-post-thumbnail","hentry"],"jetpack_sharing_enabled":true,"jetpack_shortlink":"https:\/\/wp.me\/P9634g-S","jetpack-related-posts":[],"post_mailing_queue_ids":[],"_links":{"self":[{"href":"https:\/\/siebenzwerge-ev.de\/index.php?rest_route=\/wp\/v2\/pages\/54","targetHints":{"allow":["GET"]}}],"collection":[{"href":"https:\/\/siebenzwerge-ev.de\/index.php?rest_route=\/wp\/v2\/pages"}],"about":[{"href":"https:\/\/siebenzwerge-ev.de\/index.php?rest_route=\/wp\/v2\/types\/page"}],"author":[{"embeddable":true,"href":"https:\/\/siebenzwerge-ev.de\/index.php?rest_route=\/wp\/v2\/users\/2"}],"replies":[{"embeddable":true,"href":"https:\/\/siebenzwerge-ev.de\/index.php?rest_route=%2Fwp%2Fv2%2Fcomments&post=54"}],"version-history":[{"count":75,"href":"https:\/\/siebenzwerge-ev.de\/index.php?rest_route=\/wp\/v2\/pages\/54\/revisions"}],"predecessor-version":[{"id":1050,"href":"https:\/\/siebenzwerge-ev.de\/index.php?rest_route=\/wp\/v2\/pages\/54\/revisions\/1050"}],"up":[{"embeddable":true,"href":"https:\/\/siebenzwerge-ev.de\/index.php?rest_route=\/wp\/v2\/pages\/64"}],"wp:featuredmedia":[{"embeddable":true,"href":"https:\/\/siebenzwerge-ev.de\/index.php?rest_route=\/wp\/v2\/media\/741"}],"wp:attachment":[{"href":"https:\/\/siebenzwerge-ev.de\/index.php?rest_route=%2Fwp%2Fv2%2Fmedia&parent=54"}],"curies":[{"name":"wp","href":"https:\/\/api.w.org\/{rel}","templated":true}]}}