{"id":572,"date":"2021-06-23T10:46:10","date_gmt":"2021-06-23T10:46:10","guid":{"rendered":"http:\/\/web.siebenzwerge-ev.de\/?page_id=572"},"modified":"2024-12-09T11:06:50","modified_gmt":"2024-12-09T11:06:50","slug":"spenden","status":"publish","type":"page","link":"https:\/\/siebenzwerge-ev.de\/?page_id=572","title":{"rendered":"Spenden"},"content":{"rendered":"\n<h1 class=\"wp-block-heading has-text-align-center\"><\/h1>\n\n\n\n<p>Bei den Sieben Zwergen haben die Kinder viele M\u00f6glichkeiten zum Toben, Lachen, Tanzen, Backen, Entdecken\u2026 und somit ihre soziale, k\u00f6rperliche und geistige Entwicklung zu st\u00e4rken (<a href=\"http:\/\/web.siebenzwerge-ev.de\/?page_id=38\">Konzept<\/a>). Den Kindern dies bieten zu k\u00f6nnen, liegt uns sehr am Herzen. Die W\u00fcnsche und Bed\u00fcrfnisse der Zwergenkinder k\u00f6nnen jedoch nicht ausschlie\u00dflich durch die Eigeninitiative der Eltern und Erzieher erf\u00fcllt werden. Als Elterninitiative und Tr\u00e4ger des Kindergartens unterhalten die Eltern der bei uns betreuten Kinder den Kindergarten nicht nur mit dem von der Stadt erhobenen monatlichen Kinderkrippenbeitrag (f\u00fcr Kinder unter 3 Jahren), sondern auch mit dem Mitgliedsbeitrag und der ehrenamtlichen Mitarbeit. Mit Ihren Spenden oder als F\u00f6rderer tragen Sie dazu bei, die Kosten f\u00fcr die Eltern unserer Kinder unabh\u00e4ngig von deren sozialer Herkunft auch zuk\u00fcnftig bezahlbar zu halten. Somit leisten Sie einen direkten Beitrag zur chancengleichen F\u00f6rderung der Entwicklung und zur gesunden Ern\u00e4hrung aller Kinder im Kindergarten. Wir bedanken uns f\u00fcr Ihre Spenden:<\/p>\n\n\n\n<p><strong>Kontoverbindung:<\/strong> <\/p>\n\n\n\n<p>Empf\u00e4nger: &#8222;Die Sieben Zwerge e.V.&#8220; <\/p>\n\n\n\n<p>Kontonummer: DE28 2505 0000 0000 1803 98<\/p>\n\n\n\n<p><\/p>\n\n\n\n<ul class=\"wp-block-list\">\n<li>Spenden und Zuwendungen an &#8222;Die Sieben Zwerge&#8220; e.V. als gemeinn\u00fctzig anerkannter Verein sind nach \u00a7 10b des Einkommenssteuergesetzes steuerlich absetzbar. Spendenbescheinigungen stellen wir gerne f\u00fcr Sie aus.<\/li>\n\n\n\n<li>Auf Wunsch pr\u00e4sentieren wir unsere Spender auf unserem Internetauftritt oder in der lokalen Presse.\nBei Fragen oder weiteren Anregungen kontaktieren Sie gerne unseren Vorstand (kontakt@siebenzwerge-ev.de).<\/li>\n\n\n\n<li>Wir freuen uns auf Sie!<\/li>\n<\/ul>\n\n\n\n<p>Die Kinder danken ganz herzlich allen Spendern und F\u00f6rdermitglied: <strong>G\u00f6rge Edeka Center an der L\u00f6wenkaserne<\/strong><\/p>\n\n\n\n<figure class=\"wp-block-image size-large\"><img data-recalc-dims=\"1\" loading=\"lazy\" decoding=\"async\" width=\"832\" height=\"281\" data-attachment-id=\"595\" data-permalink=\"https:\/\/siebenzwerge-ev.de\/?attachment_id=595\" data-orig-file=\"https:\/\/i0.wp.com\/siebenzwerge-ev.de\/wp-content\/uploads\/2021\/09\/image.jpg?fit=966%2C326&amp;ssl=1\" data-orig-size=\"966,326\" data-comments-opened=\"0\" data-image-meta=\"{&quot;aperture&quot;:&quot;0&quot;,&quot;credit&quot;:&quot;&quot;,&quot;camera&quot;:&quot;&quot;,&quot;caption&quot;:&quot;&quot;,&quot;created_timestamp&quot;:&quot;0&quot;,&quot;copyright&quot;:&quot;&quot;,&quot;focal_length&quot;:&quot;0&quot;,&quot;iso&quot;:&quot;0&quot;,&quot;shutter_speed&quot;:&quot;0&quot;,&quot;title&quot;:&quot;&quot;,&quot;orientation&quot;:&quot;1&quot;}\" data-image-title=\"image.jpg\" data-image-description=\"\" data-image-caption=\"\" data-large-file=\"https:\/\/i0.wp.com\/siebenzwerge-ev.de\/wp-content\/uploads\/2021\/09\/image.jpg?fit=832%2C281&amp;ssl=1\" src=\"https:\/\/i0.wp.com\/web.siebenzwerge-ev.de\/wp-content\/uploads\/2021\/09\/image.jpg?resize=832%2C281\" alt=\"\" class=\"wp-image-595\" srcset=\"https:\/\/i0.wp.com\/siebenzwerge-ev.de\/wp-content\/uploads\/2021\/09\/image.jpg?w=966&amp;ssl=1 966w, https:\/\/i0.wp.com\/siebenzwerge-ev.de\/wp-content\/uploads\/2021\/09\/image.jpg?resize=300%2C101&amp;ssl=1 300w, https:\/\/i0.wp.com\/siebenzwerge-ev.de\/wp-content\/uploads\/2021\/09\/image.jpg?resize=768%2C259&amp;ssl=1 768w\" sizes=\"auto, (max-width: 832px) 100vw, 832px\" \/><\/figure>\n\n\n\n<figure class=\"wp-block-image size-full\"><img data-recalc-dims=\"1\" loading=\"lazy\" decoding=\"async\" width=\"617\" height=\"872\" data-attachment-id=\"790\" data-permalink=\"https:\/\/siebenzwerge-ev.de\/?attachment_id=790\" data-orig-file=\"https:\/\/i0.wp.com\/siebenzwerge-ev.de\/wp-content\/uploads\/2023\/08\/Foerderer_Urkunde_Goerge_2023.jpg?fit=617%2C872&amp;ssl=1\" data-orig-size=\"617,872\" data-comments-opened=\"0\" data-image-meta=\"{&quot;aperture&quot;:&quot;0&quot;,&quot;credit&quot;:&quot;Dirk Riese&quot;,&quot;camera&quot;:&quot;&quot;,&quot;caption&quot;:&quot;&quot;,&quot;created_timestamp&quot;:&quot;0&quot;,&quot;copyright&quot;:&quot;&quot;,&quot;focal_length&quot;:&quot;0&quot;,&quot;iso&quot;:&quot;0&quot;,&quot;shutter_speed&quot;:&quot;0&quot;,&quot;title&quot;:&quot;&quot;,&quot;orientation&quot;:&quot;0&quot;}\" data-image-title=\"Foerderer_Urkunde_Goerge_2023\" data-image-description=\"\" data-image-caption=\"\" data-large-file=\"https:\/\/i0.wp.com\/siebenzwerge-ev.de\/wp-content\/uploads\/2023\/08\/Foerderer_Urkunde_Goerge_2023.jpg?fit=617%2C872&amp;ssl=1\" src=\"https:\/\/i0.wp.com\/web.siebenzwerge-ev.de\/wp-content\/uploads\/2023\/08\/Foerderer_Urkunde_Goerge_2023.jpg?resize=617%2C872\" alt=\"\" class=\"wp-image-790\" srcset=\"https:\/\/i0.wp.com\/siebenzwerge-ev.de\/wp-content\/uploads\/2023\/08\/Foerderer_Urkunde_Goerge_2023.jpg?w=617&amp;ssl=1 617w, https:\/\/i0.wp.com\/siebenzwerge-ev.de\/wp-content\/uploads\/2023\/08\/Foerderer_Urkunde_Goerge_2023.jpg?resize=212%2C300&amp;ssl=1 212w\" sizes=\"auto, (max-width: 617px) 100vw, 617px\" \/><\/figure>\n\n\n\n<p><\/p>\n\n\n\n<p>Bedanken m\u00f6chten wir uns weiterhin bei der Braunschweigischen Sparkassenstiftung:<\/p>\n\n\n\n<figure class=\"wp-block-image size-large is-resized\"><img data-recalc-dims=\"1\" loading=\"lazy\" decoding=\"async\" width=\"832\" height=\"271\" data-attachment-id=\"1127\" data-permalink=\"https:\/\/siebenzwerge-ev.de\/?attachment_id=1127\" data-orig-file=\"https:\/\/i0.wp.com\/siebenzwerge-ev.de\/wp-content\/uploads\/2024\/12\/Braunschweigische-Sparkassenstiftung-V02-scaled.jpeg?fit=2560%2C835&amp;ssl=1\" data-orig-size=\"2560,835\" data-comments-opened=\"0\" data-image-meta=\"{&quot;aperture&quot;:&quot;0&quot;,&quot;credit&quot;:&quot;&quot;,&quot;camera&quot;:&quot;&quot;,&quot;caption&quot;:&quot;Druck&quot;,&quot;created_timestamp&quot;:&quot;1421833758&quot;,&quot;copyright&quot;:&quot;&quot;,&quot;focal_length&quot;:&quot;0&quot;,&quot;iso&quot;:&quot;0&quot;,&quot;shutter_speed&quot;:&quot;0&quot;,&quot;title&quot;:&quot;Druck&quot;,&quot;orientation&quot;:&quot;0&quot;}\" data-image-title=\"Druck\" data-image-description=\"\" data-image-caption=\"&lt;p&gt;Druck&lt;\/p&gt;\n\" data-large-file=\"https:\/\/i0.wp.com\/siebenzwerge-ev.de\/wp-content\/uploads\/2024\/12\/Braunschweigische-Sparkassenstiftung-V02-scaled.jpeg?fit=832%2C271&amp;ssl=1\" src=\"https:\/\/i0.wp.com\/www.siebenzwerge-ev.de\/wp-content\/uploads\/2024\/12\/Braunschweigische-Sparkassenstiftung-V02-1024x334.jpeg?resize=832%2C271&#038;ssl=1\" alt=\"\" class=\"wp-image-1127\" style=\"width:500px;height:auto\" srcset=\"https:\/\/i0.wp.com\/siebenzwerge-ev.de\/wp-content\/uploads\/2024\/12\/Braunschweigische-Sparkassenstiftung-V02-scaled.jpeg?resize=1024%2C334&amp;ssl=1 1024w, https:\/\/i0.wp.com\/siebenzwerge-ev.de\/wp-content\/uploads\/2024\/12\/Braunschweigische-Sparkassenstiftung-V02-scaled.jpeg?resize=300%2C98&amp;ssl=1 300w, https:\/\/i0.wp.com\/siebenzwerge-ev.de\/wp-content\/uploads\/2024\/12\/Braunschweigische-Sparkassenstiftung-V02-scaled.jpeg?resize=768%2C251&amp;ssl=1 768w, https:\/\/i0.wp.com\/siebenzwerge-ev.de\/wp-content\/uploads\/2024\/12\/Braunschweigische-Sparkassenstiftung-V02-scaled.jpeg?resize=1536%2C501&amp;ssl=1 1536w, https:\/\/i0.wp.com\/siebenzwerge-ev.de\/wp-content\/uploads\/2024\/12\/Braunschweigische-Sparkassenstiftung-V02-scaled.jpeg?resize=2048%2C668&amp;ssl=1 2048w, https:\/\/i0.wp.com\/siebenzwerge-ev.de\/wp-content\/uploads\/2024\/12\/Braunschweigische-Sparkassenstiftung-V02-scaled.jpeg?w=1664&amp;ssl=1 1664w, https:\/\/i0.wp.com\/siebenzwerge-ev.de\/wp-content\/uploads\/2024\/12\/Braunschweigische-Sparkassenstiftung-V02-scaled.jpeg?w=2496&amp;ssl=1 2496w\" sizes=\"auto, (max-width: 832px) 100vw, 832px\" \/><\/figure>\n","protected":false},"excerpt":{"rendered":"<p>Bei den Sieben Zwergen haben die Kinder viele M\u00f6glichkeiten zum Toben, Lachen, Tanzen, Backen, Entdecken\u2026 und somit ihre soziale, k\u00f6rperliche und geistige Entwicklung zu st\u00e4rken (Konzept). Den Kindern dies bieten zu k\u00f6nnen, liegt uns sehr am Herzen. Die W\u00fcnsche und &hellip; <\/p>\n","protected":false},"author":1,"featured_media":0,"parent":0,"menu_order":0,"comment_status":"closed","ping_status":"closed","template":"","meta":{"advanced_seo_description":"","jetpack_seo_html_title":"","jetpack_seo_noindex":false,"ngg_post_thumbnail":0,"jetpack_post_was_ever_published":false,"footnotes":""},"class_list":["post-572","page","type-page","status-publish","hentry"],"jetpack_sharing_enabled":true,"jetpack_shortlink":"https:\/\/wp.me\/P9634g-9e","jetpack-related-posts":[],"post_mailing_queue_ids":[],"_links":{"self":[{"href":"https:\/\/siebenzwerge-ev.de\/index.php?rest_route=\/wp\/v2\/pages\/572","targetHints":{"allow":["GET"]}}],"collection":[{"href":"https:\/\/siebenzwerge-ev.de\/index.php?rest_route=\/wp\/v2\/pages"}],"about":[{"href":"https:\/\/siebenzwerge-ev.de\/index.php?rest_route=\/wp\/v2\/types\/page"}],"author":[{"embeddable":true,"href":"https:\/\/siebenzwerge-ev.de\/index.php?rest_route=\/wp\/v2\/users\/1"}],"replies":[{"embeddable":true,"href":"https:\/\/siebenzwerge-ev.de\/index.php?rest_route=%2Fwp%2Fv2%2Fcomments&post=572"}],"version-history":[{"count":33,"href":"https:\/\/siebenzwerge-ev.de\/index.php?rest_route=\/wp\/v2\/pages\/572\/revisions"}],"predecessor-version":[{"id":1128,"href":"https:\/\/siebenzwerge-ev.de\/index.php?rest_route=\/wp\/v2\/pages\/572\/revisions\/1128"}],"wp:attachment":[{"href":"https:\/\/siebenzwerge-ev.de\/index.php?rest_route=%2Fwp%2Fv2%2Fmedia&parent=572"}],"curies":[{"name":"wp","href":"https:\/\/api.w.org\/{rel}","templated":true}]}}